{"id":5,"date":"2022-08-03T16:30:07","date_gmt":"2022-08-03T14:30:07","guid":{"rendered":"http:\/\/ehflccx.cluster029.hosting.ovh.net\/?page_id=5"},"modified":"2023-03-12T15:45:31","modified_gmt":"2023-03-12T14:45:31","slug":"nuances-vegetales","status":"publish","type":"page","link":"https:\/\/www.nuancesvegetales.be\/","title":{"rendered":"Nuances V\u00e9g\u00e9tales"},"content":{"rendered":"\n<figure class=\"wp-block-image size-large is-resized\"><img loading=\"lazy\" decoding=\"async\" src=\"http:\/\/ehflccx.cluster029.hosting.ovh.net\/wp-content\/uploads\/2022\/08\/DSC01085b-1024x683.jpg\" alt=\"\" class=\"wp-image-7\" width=\"609\" height=\"405\" srcset=\"https:\/\/www.nuancesvegetales.be\/wp-content\/uploads\/2022\/08\/DSC01085b-1024x683.jpg 1024w, https:\/\/www.nuancesvegetales.be\/wp-content\/uploads\/2022\/08\/DSC01085b-300x200.jpg 300w, https:\/\/www.nuancesvegetales.be\/wp-content\/uploads\/2022\/08\/DSC01085b-768x512.jpg 768w, https:\/\/www.nuancesvegetales.be\/wp-content\/uploads\/2022\/08\/DSC01085b-1536x1024.jpg 1536w, https:\/\/www.nuancesvegetales.be\/wp-content\/uploads\/2022\/08\/DSC01085b-2048x1365.jpg 2048w, https:\/\/www.nuancesvegetales.be\/wp-content\/uploads\/2022\/08\/DSC01085b-1568x1045.jpg 1568w\" sizes=\"auto, (max-width: 609px) 100vw, 609px\" \/><\/figure>\n\n\n\n<p class=\"has-text-align-left\">Apr\u00e8s plus de 20 ans pass\u00e9s sous le nom \u00e9pi t\u00e8te coiffure, tout d&rsquo;abord \u00e0 Verviers, puis \u00e0 Andrimont, voici venu le moment de passer \u00e0 \u00ab\u00a0Nuances v\u00e9g\u00e9tales\u00a0\u00bb. Mon d\u00e9m\u00e9nagement ainsi que mon attrait pour les colorations v\u00e9g\u00e9tales m&rsquo;ont pouss\u00e9 \u00e0 changer de nom. Je r\u00e9alise toujours des colorations chimiques pour les personnes qui le d\u00e9sirent. Je travaille avec les produits Gaia et Wella<\/p>\n\n\n\n<p>Laurence Vaessen<\/p>\n\n\n\n<p>Rue de Mont 267                                                                                           4820 Dison                                                                                                           087\/33.40.21                                                                                                           Sur rendez-vous \/ ferm\u00e9 le lundi et le mercredi apr\u00e8s-midi<\/p>\n\n\n\n<figure class=\"wp-block-table\"><table><tbody><tr><td>Coupe<\/td><td>17 \u20ac<\/td><\/tr><tr><td>Coupe Enfant (-12 ans)<\/td><td>12,50 \u20ac<\/td><\/tr><tr><td>Coupe enfant (-12 ans) longs cheveux<\/td><td>16,50 \u20ac<\/td><\/tr><tr><td>Coupe tondeuse<\/td><td>11 \u20ac<\/td><\/tr><tr><td>Coupe homme<\/td><td>18 \u20ac<\/td><\/tr><tr><td>Mise en plis avec fixation finale<\/td><td>18,50 \u20ac<\/td><\/tr><tr><td>Brushing avec fixation finale<\/td><td>18,50 \u20ac<\/td><\/tr><tr><td>Brushing longs cheveux<\/td><td>22,50 \u20ac<\/td><\/tr><tr><td>S\u00e9chage rapide cheveux courts<\/td><td>15,50 \u20ac<\/td><\/tr><tr><td>S\u00e9chage rapide cheveux longs<\/td><td>19,50 \u20ac<\/td><\/tr><tr><td>Coloration selon choix et longueur \u00e0 partir de<\/td><td>29,50 \u20ac<\/td><\/tr><tr><td>Coloration v\u00e9g\u00e9tale Gaia sur devis \u00e0 partir de<\/td><td>38,5 \u20ac<\/td><\/tr><tr><td>M\u00e8ches<\/td><td>28 \u00e0 70 \u20ac<\/td><\/tr><tr><td>D\u00e9coloration<\/td><td>28 \u00e0 70 \u20ac<\/td><\/tr><tr><td>Permanente avec coupe et mise en plis<\/td><td>67 \u20ac<\/td><\/tr><tr><td>Permanente avec coupe et brushing<\/td><td>67 \u20ac<\/td><\/tr><tr><td>Permanente avec coupe, suppl\u00e9ment long cheveux<\/td><td>18 \u20ac<\/td><\/tr><tr><td>Mousse ou fixateur<\/td><td>3,00 \u20ac<\/td><\/tr><tr><td>Soin ou traitement<\/td><td>5,50 \u20ac<\/td><\/tr><tr><td>Shampooing traitant<\/td><td>3,50 \u20ac<\/td><\/tr><tr><td>Coupe nuque<\/td><td>4 \u20ac<\/td><\/tr><tr><td>Coup de peigne<\/td><td>5 \u20ac<\/td><\/tr><\/tbody><\/table><\/figure>\n","protected":false},"excerpt":{"rendered":"<p>Apr\u00e8s plus de 20 ans pass\u00e9s sous le nom \u00e9pi t\u00e8te coiffure, tout d&rsquo;abord \u00e0 Verviers, puis \u00e0 Andrimont, voici venu le moment de passer \u00e0 \u00ab\u00a0Nuances v\u00e9g\u00e9tales\u00a0\u00bb. Mon d\u00e9m\u00e9nagement ainsi que mon attrait pour les colorations v\u00e9g\u00e9tales m&rsquo;ont pouss\u00e9 \u00e0 changer de nom. Je r\u00e9alise toujours des colorations chimiques pour les personnes qui le&hellip; <a class=\"more-link\" href=\"https:\/\/www.nuancesvegetales.be\/\">Poursuivre la lecture <span class=\"screen-reader-text\">Nuances V\u00e9g\u00e9tales<\/span><\/a><\/p>\n","protected":false},"author":1,"featured_media":0,"parent":0,"menu_order":0,"comment_status":"closed","ping_status":"closed","template":"","meta":{"footnotes":""},"class_list":["post-5","page","type-page","status-publish","hentry","entry"],"_links":{"self":[{"href":"https:\/\/www.nuancesvegetales.be\/index.php\/wp-json\/wp\/v2\/pages\/5","targetHints":{"allow":["GET"]}}],"collection":[{"href":"https:\/\/www.nuancesvegetales.be\/index.php\/wp-json\/wp\/v2\/pages"}],"about":[{"href":"https:\/\/www.nuancesvegetales.be\/index.php\/wp-json\/wp\/v2\/types\/page"}],"author":[{"embeddable":true,"href":"https:\/\/www.nuancesvegetales.be\/index.php\/wp-json\/wp\/v2\/users\/1"}],"replies":[{"embeddable":true,"href":"https:\/\/www.nuancesvegetales.be\/index.php\/wp-json\/wp\/v2\/comments?post=5"}],"version-history":[{"count":18,"href":"https:\/\/www.nuancesvegetales.be\/index.php\/wp-json\/wp\/v2\/pages\/5\/revisions"}],"predecessor-version":[{"id":43,"href":"https:\/\/www.nuancesvegetales.be\/index.php\/wp-json\/wp\/v2\/pages\/5\/revisions\/43"}],"wp:attachment":[{"href":"https:\/\/www.nuancesvegetales.be\/index.php\/wp-json\/wp\/v2\/media?parent=5"}],"curies":[{"name":"wp","href":"https:\/\/api.w.org\/{rel}","templated":true}]}}